{"id":234,"date":"2022-09-29T17:40:56","date_gmt":"2022-09-29T17:40:56","guid":{"rendered":"https:\/\/aumthaimassage.hu\/en\/?page_id=234"},"modified":"2026-03-18T23:19:27","modified_gmt":"2026-03-18T22:19:27","slug":"thai-massage-budapest","status":"publish","type":"page","link":"https:\/\/aumthaimassage.hu\/en\/","title":{"rendered":"Aum Thai Massage Budapest"},"content":{"rendered":"<div id=\"metaslider-id-243\" style=\"width: 100%;\" class=\"ml-slider-3-97-0 metaslider metaslider-flex metaslider-243 ml-slider ms-theme-default\" role=\"region\" aria-roledescription=\"Slideshow\" aria-label=\"Homepage slideshow\" data-width=\"2400\">\n    <div id=\"metaslider_container_243\">\n        <div id=\"metaslider_243\">\n            <ul class='slides'>\n                <li style=\"display: block; width: 100%;\" class=\"slide-553 ms-image \" aria-roledescription=\"slide\" aria-label=\"slide-553\" data-date=\"2022-12-11 23:33:14\"><img loading=\"lazy\" decoding=\"async\" src=\"https:\/\/aumthaimassage.hu\/en\/wp-content\/uploads\/2022\/12\/aum-thai-masszazs-budapest-slideshow-picture-01-scaled-1549x1033.jpg\" height=\"1600\" width=\"2400\" alt=\"aum-thai-masszazs-budapest-slideshow-picture-01\" class=\"slider-243 slide-553\" title=\"aum-thai-masszazs-budapest-slideshow-picture-01\" \/><\/li>\n                <li style=\"display: none; width: 100%;\" class=\"slide-660 ms-image \" aria-roledescription=\"slide\" aria-label=\"slide-660\" data-date=\"2023-11-26 19:19:29\"><img loading=\"lazy\" decoding=\"async\" src=\"https:\/\/aumthaimassage.hu\/en\/wp-content\/uploads\/2023\/11\/atum-thai-masszazs-budapest-01-scaled-2400x1600.jpg\" height=\"1600\" width=\"2400\" alt=\"atum-thai-masszazs-budapest-01\" class=\"slider-243 slide-660\" title=\"This,Precious,Moment,To,Relax,Yourself\" \/><\/li>\n                <li style=\"display: none; width: 100%;\" class=\"slide-661 ms-image \" aria-roledescription=\"slide\" aria-label=\"slide-661\" data-date=\"2023-11-26 19:19:29\"><img loading=\"lazy\" decoding=\"async\" src=\"https:\/\/aumthaimassage.hu\/en\/wp-content\/uploads\/2023\/11\/atum-thai-masszazs-budapest-04-scaled-2400x1600.jpg\" height=\"1600\" width=\"2400\" alt=\"atum-thai-masszazs-budapest-04\" class=\"slider-243 slide-661\" title=\"Beautiful,Young,Woman,Receiving,Massage,In,Spa,Salon\" \/><\/li>\n                <li style=\"display: none; width: 100%;\" class=\"slide-662 ms-image \" aria-roledescription=\"slide\" aria-label=\"slide-662\" data-date=\"2023-11-26 19:19:29\"><img loading=\"lazy\" decoding=\"async\" src=\"https:\/\/aumthaimassage.hu\/en\/wp-content\/uploads\/2023\/11\/atum-thai-masszazs-budapest-03-scaled-2400x1600.jpg\" height=\"1600\" width=\"2400\" alt=\"atum-thai-masszazs-budapest-03\" class=\"slider-243 slide-662\" title=\"The,Girl,Enjoys,Deep,Tissue,Massage\" \/><\/li>\n                <li style=\"display: none; width: 100%;\" class=\"slide-663 ms-image \" aria-roledescription=\"slide\" aria-label=\"slide-663\" data-date=\"2023-11-26 19:19:29\"><img loading=\"lazy\" decoding=\"async\" src=\"https:\/\/aumthaimassage.hu\/en\/wp-content\/uploads\/2023\/11\/atum-thai-masszazs-budapest-02-scaled-2400x1600.jpg\" height=\"1600\" width=\"2400\" alt=\"atum-thai-masszazs-budapest-02\" class=\"slider-243 slide-663\" title=\"Young,Woman,Enjoys,Massage,In,A,Luxury,Spa,Resort\" \/><\/li>\n                <li style=\"display: none; width: 100%;\" class=\"slide-664 ms-image \" aria-roledescription=\"slide\" aria-label=\"slide-664\" data-date=\"2023-11-26 19:19:29\"><img loading=\"lazy\" decoding=\"async\" src=\"https:\/\/aumthaimassage.hu\/en\/wp-content\/uploads\/2023\/11\/atum-thai-masszazs-budapest-05-scaled-2400x1600.jpg\" height=\"1600\" width=\"2400\" alt=\"atum-thai-masszazs-budapest-05\" class=\"slider-243 slide-664\" title=\"Professional,Foot,Massage,Close,Up.,Authentic,Shot,Of,Luxury,Spa\" \/><\/li>\n            <\/ul>\n        <\/div>\n        \n    <\/div>\n<\/div>\n<div class=\"container text-center\">\n<div class=\"row\">\n<div>\n<h1>Aum Thai Massage Budapest<\/h1>\n<h2>Visit our luxury Thai massage salon and try our professional Thai massage treatments.<\/h2>\n<div><a class=\"btn btn-primary text-uppercase\" href=\"https:\/\/aumthaimassage.salonic.hu\/selectSpecialization\/?placeId=5563\">Booking<\/a><\/div>\n<\/div>\n<\/div>\n<div class=\"row mt-4\">\n<script defer async src='https:\/\/cdn.trustindex.io\/loader.js?8d68485279bd5002e5569e09c6f'><\/script>\n<\/div>\n<\/div>\n<p><!-- \u00c1RAK --><\/p>\n<div class=\"container-price text-center\">\n<div id=\"arak\">\n<section id=\"arak\" class=\"pricing py-5\">\n<div class=\"row\">\n<div class=\"col-12\">\n<h2>THAI MASSAGE PRICES<\/h2>\n<h5 class=\"mb-5\">The massages can be combined as required<\/h5>\n<\/div>\n<\/div>\n<div class=\"row px-md-5\">\n<div class=\"col-lg-4 col-md-6\">\n<div class=\"card mb-lg-0\">\n<div class=\"card-body\">\n<h5 class=\"card-title text-uppercase text-center\">THAI MASSAGE PROGRAMS<\/h5>\n<p class=\"card-desc\">in cabin<\/p>\n<hr \/>\n<table style=\"font-size: 1.1rem; line-height: 1.2rem;\" border=\"0\" width=\"100%\">\n<tbody>\n<tr>\n<th>Program<\/th>\n<th>Price<\/th>\n<\/tr>\n<tr style=\"height: 6rem;\">\n<td>60&#8242; Traditional<br \/>\nThai Massage<\/td>\n<td>15.000 Ft<\/td>\n<\/tr>\n<tr style=\"height: 6rem;\">\n<td>90&#8242; Traditional<br \/>\nThai Massage<\/td>\n<td>19.000 Ft<\/td>\n<\/tr>\n<tr style=\"height: 6rem;\">\n<td>120&#8242; Traditional<br \/>\nThai Massage<\/td>\n<td>26.000 Ft<\/td>\n<\/tr>\n<tr style=\"height: 6rem;\">\n<td>60&#8242; Aromaoil<br \/>\nThai Massage<\/td>\n<td>17.000 Ft<\/td>\n<\/tr>\n<tr style=\"height: 6rem;\">\n<td>90&#8242; Aromaoil<br \/>\nThai Massage<\/td>\n<td>21.000 Ft<\/td>\n<\/tr>\n<tr style=\"height: 6rem;\">\n<td>120&#8242; Aromaoil<br \/>\nThai Massage<\/td>\n<td>28.000 Ft<\/td>\n<\/tr>\n<\/tbody>\n<\/table>\n<div class=\"d-grid\"><a class=\"btn btn-primary text-uppercase\" href=\"https:\/\/aumthaimassage.salonic.hu\/selectSpecialization\/?placeId=5563\">Booking<\/a><\/div>\n<\/div>\n<\/div>\n<\/div>\n<div class=\"col-lg-4 col-md-6\">\n<div class=\"card mb-lg-0\">\n<div class=\"card-body\">\n<h5 class=\"card-title text-uppercase text-center\">THAI MASSAGE PROGRAMS<\/h5>\n<p class=\"card-desc\">in chair<\/p>\n<hr \/>\n<table style=\"font-size: 1.1rem; line-height: 1.2rem;\" border=\"0\" width=\"100%\">\n<tbody>\n<tr>\n<th>Programs<\/th>\n<th>Price<\/th>\n<\/tr>\n<tr style=\"height: 6rem;\">\n<td>30&#8242; chairmassage (neck, shoulder, back, head)<\/td>\n<td>12.000 Ft<\/td>\n<\/tr>\n<tr style=\"height: 6rem;\">\n<td>60&#8242; chairmassage (neck, shoulder, back, head)<\/td>\n<td>14.000 Ft<\/td>\n<\/tr>\n<tr style=\"height: 6rem;\">\n<td>30&#8242; chairmassage (foot)<\/td>\n<td>12.000 Ft<\/td>\n<\/tr>\n<tr style=\"height: 6rem;\">\n<td>60&#8242; chairmassage (foot, leg)<\/td>\n<td>14.000 Ft<\/td>\n<\/tr>\n<tr style=\"height: 6rem;\">\n<td>90&#8242; mix chairmassage (foot, leg, arm, head)<\/td>\n<td>19.000 Ft<\/td>\n<\/tr>\n<tr style=\"height: 6rem;\">\n<td>120&#8242; mix chairmassage (foot, leg, arm, head)<\/td>\n<td>24.000 Ft<\/td>\n<\/tr>\n<\/tbody>\n<\/table>\n<div class=\"d-grid\"><a class=\"btn btn-primary text-uppercase\" href=\"https:\/\/aumthaimassage.salonic.hu\/selectSpecialization\/?placeId=5563\">Booking<\/a><\/div>\n<\/div>\n<\/div>\n<\/div>\n<div class=\"col-lg-4 col-md-6\">\n<div class=\"card mb-lg-0\">\n<div class=\"card-body\">\n<h5 class=\"card-title text-uppercase text-center\">MIX THAI MASSAGE PROGRAMS<\/h5>\n<p class=\"card-desc\">in cabin<\/p>\n<hr \/>\n<table style=\"font-size: 1.1rem; line-height: 1.2rem;\" border=\"0\" width=\"100%\">\n<tbody>\n<tr>\n<th>Programs<\/th>\n<th>Price<\/th>\n<\/tr>\n<tr style=\"height: 8rem;\">\n<td style=\"line-height: 1rem;\">90&#8242; thai massage mix<br \/>\n<span style=\"font-size: 0.7rem;\">30&#8242; foot massage in cabin<br \/>\n+ 60&#8242; traditional thai massage in cabin<\/span><\/td>\n<td>19.000 Ft<\/td>\n<\/tr>\n<tr style=\"height: 8rem;\">\n<td style=\"line-height: 1rem;\">120&#8242; thai massage mix<br \/>\n<span style=\"font-size: 0.7rem;\">30&#8242; foot massage in cabin<br \/>\n+ 90&#8242; traditional thai massage in cabin<\/span><\/td>\n<td>26.000 Ft<\/td>\n<\/tr>\n<tr style=\"height: 8rem;\">\n<td style=\"line-height: 1rem;\">120&#8242; thai massage mix<br \/>\n<span style=\"font-size: 0.7rem;\">60&#8242; foot massage in cabin<br \/>\n+ 60&#8242; traditional thai massage in cabin<\/span><\/td>\n<td>26.000 Ft<\/td>\n<\/tr>\n<tr style=\"height: 8rem;\">\n<td style=\"line-height: 1rem;\">90&#8242; aromaoil thai massage mix<br \/>\n<span style=\"font-size: 0.7rem;\">30&#8242; foot massage in cabin<br \/>\n+ 60&#8242; aromaoil thai massage in cabin<\/span><\/td>\n<td>21.000 Ft<\/td>\n<\/tr>\n<tr style=\"height: 8rem;\">\n<td style=\"line-height: 1rem;\">120&#8242; aromaoil thai massage mix<br \/>\n<span style=\"font-size: 0.7rem;\">30&#8242; foot massage in cabin<br \/>\n+ 90&#8242; aromaoil thai massage in cabin<\/span><\/td>\n<td>28.000 Ft<\/td>\n<\/tr>\n<tr style=\"height: 8rem;\">\n<td style=\"line-height: 1rem;\">120&#8242; aromaoil thai massage mix<br \/>\n<span style=\"font-size: 0.7rem;\">60&#8242; foot massage in cabin<br \/>\n+ 60&#8242; aromaoil thai massage in cabin<\/span><\/td>\n<td>28.000 Ft<\/td>\n<\/tr>\n<\/tbody>\n<\/table>\n<div class=\"d-grid\"><a class=\"btn btn-primary text-uppercase\" href=\"https:\/\/aumthaimassage.salonic.hu\/selectSpecialization\/?placeId=5563\">Booking<\/a><\/div>\n<\/div>\n<\/div>\n<\/div>\n<\/div>\n<\/section>\n<\/div>\n<\/div>\n<p><!-- MASSZ\u00c1SOK --><\/p>\n<div class=\"container text-center\">\n<div id=\"masszazsok\">\n<div class=\"row\">\n<div class=\"col-12\">\n<h3>MASSSAGES<\/h3>\n<\/div>\n<\/div>\n<div class=\"row\">\n<div class=\"col-sm-6 col-lg-4\">\n<h3 style=\"min-height: 8rem;\">Traditional thai massage<\/h3>\n<p><img decoding=\"async\" class=\"massage\" src=\"\/wp-content\/themes\/aumthaimassage\/assets\/aum-thai-masszazs-budapest-thai-massage.jpg\" alt=\"Traditional Thaimassage\" \/><\/p>\n<p>Thai massage is the art of stretching, pressure and relaxation &#8211; the movements are used by the masseuse to relax the joints. With the massage, the internal organs also gain strength, the zest for life increases, and a deep, calm state sets in. Another beneficial effect is the balance between body, mind and soul, in a state of general well-being.<\/p>\n<\/div>\n<div class=\"col-sm-6 col-lg-4\">\n<h3 style=\"min-height: 8rem;\">Footmassage<\/h3>\n<p><img decoding=\"async\" class=\"massage\" src=\"\/wp-content\/themes\/aumthaimassage\/assets\/aum-thai-masszazs-budapest-talp-masszazs.jpg\" alt=\"Footmassage\" \/><\/p>\n<p>The foot massage takes place for one hour in comfortable armchairs. Moving from the soles upwards through the calves, the masseurs reach the knees by applying pressure on the acupressure points, and finally push through the upper body and the head as well. It is the best alternative health treatment and can also be used effectively to relax and relieve tension.<\/p>\n<\/div>\n<div class=\"col-sm-6 col-lg-4\">\n<h3 style=\"min-height: 8rem;\">Head, neck, shoulder, back massage<\/h3>\n<p><img decoding=\"async\" class=\"massage\" src=\"\/wp-content\/themes\/aumthaimassage\/assets\/aum-thai-masszazs-budapest-hat-nyak-vall-thai-masszazs.jpg\" alt=\"Head, neck, shoulder, back massage\" \/><\/p>\n<p>We recommend it mainly to people who have sedentary jobs or lead a stressful lifestyle. It effectively helps to get rid of accumulated tension and associated muscle pain, relieves muscle tension in the shoulder and neck area, and affects the energy lines that run from the upper part of the shoulders down, where muscle knots can form if people sit for long periods of time. The head and scalp massage is very pleasant, soothing, stimulates the nerve endings around the skull and relieves headaches. It moves the scalp and stimulates blood circulation, which also promotes hair growth.<\/p>\n<\/div>\n<div><a class=\"btn btn-primary text-uppercase\" href=\"https:\/\/aumthaimassage.salonic.hu\/\">Booking<\/a><\/div>\n<\/div>\n<\/div>\n<p><!-- MASSZ\u0150REINK--><\/p>\n<div id=\"masszoreink\" class=\"container2 text-center\">\n<h2>MASSEURS<\/h2>\n<div class=\"row\">\n<div class=\"col-md-4\">\n<h3><strong>Mod<\/strong><\/h3>\n<p>Strenght: &#128170; &#128170; &#128170; &#128170; &#128170;<\/p>\n<p>\t<img decoding=\"async\" class=\"img-circle person3 img-fluid\" src=\"\/wp-content\/themes\/aumthaimassage\/assets\/mod-thai-masseure-aum-thai-massage-budapest.jpg\" srcset=\"\/wp-content\/themes\/aumthaimassage\/assets\/mod-thai-masseure-aum-thai-massage-budapest.jpg 1x, \/wp-content\/themes\/aumthaimassage\/assets\/mod-thai-masseure-aum-thai-massage-budapest_2x.jpg 2x, \" alt=\"Mod Thai Massage Budapest\" \/>\n\t<\/div>\n<div class=\"col-md-4\">\n<h3><strong>Pum<\/strong><\/h3>\n<p>Strenght: &#128170; &#128170; &#128170; &#128170;<\/p>\n<p>\t<img decoding=\"async\" class=\"img-circle person3 img-fluid\" src=\"\/wp-content\/themes\/aumthaimassage\/assets\/pum-thai-masseure-aum-thai-massage-budapest.jpg\" srcset=\"\/wp-content\/themes\/aumthaimassage\/assets\/pum-thai-masseure-aum-thai-massage-budapest.jpg 1x, \/wp-content\/themes\/aumthaimassage\/assets\/pum-thai-masseure-aum-thai-massage-budapest_2x.jpg 2x, \" alt=\"Pum Thai Massage Budapest\" \/>\n\t<\/div>\n<div class=\"col-md-4\">\n<h3><strong>Apple<\/strong><\/h3>\n<p>Strenght: &#128170; &#128170; &#128170; &#128170;<\/p>\n<p>\t<img decoding=\"async\" class=\"img-circle person3 img-fluid\" src=\"\/wp-content\/themes\/aumthaimassage\/assets\/apple-thai-masseure-aum-thai-massage-budapest.jpg\" srcset=\"\/wp-content\/themes\/aumthaimassage\/assets\/apple-thai-masseure-aum-thai-massage-budapest.jpg 1x, \/wp-content\/themes\/aumthaimassage\/assets\/apple-thai-masseure-aum-thai-massage-budapest_2x.jpg 2x, \" alt=\"Apple Thai Massage Budapest\" \/>\n\t<\/div>\n<\/div>\n<div class=\"row\">\n<div class=\"col-md-4\">\n<h3><strong>Sz\u00e1n\u00e1<\/strong><\/h3>\n<p>Strenght: &#128170; &#128170; &#128170; &#128170; &#128170;<\/p>\n<p>\t<img decoding=\"async\" class=\"img-circle person3 img-fluid\" src=\"\/wp-content\/themes\/aumthaimassage\/assets\/szana-thai-masseure-aum-thai-massage-budapest.jpg\" srcset=\"\/wp-content\/themes\/aumthaimassage\/assets\/szana-thai-masseure-aum-thai-massage-budapest.jpg 1x, \/wp-content\/themes\/aumthaimassage\/assets\/szana-thai-masseure-aum-thai-massage-budapest_2x.jpg 2x, \"  alt=\"Sz\u00e1n\u00e1 Thai MasszMassage\u00e1zs Budapest\" \/>\n\t<\/div>\n<div class=\"col-md-4\">\n<h3><strong>Nat<\/strong><\/h3>\n<p>Strenght: &#128170; &#128170; &#128170;<\/p>\n<p>\t<img decoding=\"async\" class=\"img-circle person3 img-fluid\" src=\"\/wp-content\/themes\/aumthaimassage\/assets\/not-thai-masseure-aum-thai-massage-budapest.jpg\" srcset=\"\/wp-content\/themes\/aumthaimassage\/assets\/not-thai-masseure-aum-thai-massage-budapest.jpg 1x, \/wp-content\/themes\/aumthaimassage\/assets\/not-thai-masseure-aum-thai-massage-budapest_2x.jpg 2x, \"  alt=\"Not Thai Massage Budapest\" \/>\n\t<\/div>\n<\/div>\n<p><!--\n\n\n<div class=\"row\">\n\t\n\t\n\n<div class=\"col-md-4\">\n\t\n\n<h3><strong>Rose<\/strong><\/h3>\n\n\n\t\n\n<p>Strenght: &#128170; &#128170; &#128170; &#128170;<\/p>\n\n\n\t<img decoding=\"async\" class=\"img-circle person3 img-fluid\" src=\"\/wp-content\/themes\/aumthaimassage\/assets\/rose-thai-masseure-aum-thai-massage-budapest.jpg\" srcset=\"\/wp-content\/themes\/aumthaimassage\/assets\/rose-thai-masseure-aum-thai-massage-budapest.jpg 1x, \/wp-content\/themes\/aumthaimassage\/assets\/rose-thai-masseure-aum-thai-massage-budapest_2x.jpg 2x, \" alt=\"Pum Thai Massage Budapest\" \/>\n\t<\/div>\n\n\n<\/div>\n\n\n--><\/p>\n<\/div>\n<p><!-- GAL\u00c9RIA--><\/p>\n<h2>GALLERY<\/h2>\n<div id=\"metaslider-id-252\" style=\"width: 100%;\" class=\"ml-slider-3-97-0 metaslider metaslider-flex metaslider-252 ml-slider ms-theme-default\" role=\"region\" aria-roledescription=\"Slideshow\" aria-label=\"New Slideshow\" data-width=\"1200\">\n    <div id=\"metaslider_container_252\">\n        <div id=\"metaslider_252\">\n            <ul class='slides'>\n                <li style=\"display: block; width: 100%;\" class=\"slide-253 ms-image \" aria-roledescription=\"slide\" aria-label=\"slide-253\" data-date=\"2022-10-04 11:46:30\"><img loading=\"lazy\" decoding=\"async\" src=\"https:\/\/aumthaimassage.hu\/en\/wp-content\/uploads\/2022\/08\/conscious-design-ubeslMfS1lk-unsplash-1200x600.webp\" height=\"600\" width=\"1200\" alt=\"\" class=\"slider-252 slide-253\" title=\"conscious-design-ubeslMfS1lk-unsplash\" \/><\/li>\n                <li style=\"display: none; width: 100%;\" class=\"slide-254 ms-image \" aria-roledescription=\"slide\" aria-label=\"slide-254\" data-date=\"2022-10-04 11:46:30\"><img loading=\"lazy\" decoding=\"async\" src=\"https:\/\/aumthaimassage.hu\/en\/wp-content\/uploads\/2022\/08\/three-types-of-massage-for-your-feet-1200x600.jpg\" height=\"600\" width=\"1200\" alt=\"\" class=\"slider-252 slide-254\" title=\"three-types-of-massage-for-your-feet\" \/><\/li>\n                <li style=\"display: none; width: 100%;\" class=\"slide-255 ms-image \" aria-roledescription=\"slide\" aria-label=\"slide-255\" data-date=\"2022-10-04 11:46:30\"><img loading=\"lazy\" decoding=\"async\" src=\"https:\/\/aumthaimassage.hu\/en\/wp-content\/uploads\/2022\/08\/Neck-Massage-Safe-800x450-2-800x400.jpg\" height=\"600\" width=\"1200\" alt=\"\" class=\"slider-252 slide-255\" title=\"Neck-Massage-Safe-800x450\" \/><\/li>\n            <\/ul>\n        <\/div>\n        \n    <\/div>\n<\/div>\n<\/div>\n<p><!-- elvileg ez z\u00e1rja a containert --><\/p>\n","protected":false},"excerpt":{"rendered":"<p>Aum Thai Massage Budapest Visit our luxury Thai massage salon and try our professional Thai massage treatments. Booking THAI MASSAGE PRICES The massages can be combined as required THAI MASSAGE PROGRAMS in cabin Program Price 60&#8242; Traditional Thai Massage 15.000 Ft 90&#8242; Traditional Thai Massage 19.000 Ft 120&#8242; Traditional Thai Massage 26.000 Ft 60&#8242; Aromaoil [&hellip;]<\/p>\n","protected":false},"author":3,"featured_media":0,"parent":0,"menu_order":0,"comment_status":"closed","ping_status":"closed","template":"","meta":{"footnotes":""},"class_list":["post-234","page","type-page","status-publish","hentry"],"yoast_head":"<!-- This site is optimized with the Yoast SEO plugin v24.9 - https:\/\/yoast.com\/wordpress\/plugins\/seo\/ -->\n<title>Aum Thai Massage Budapest - Aum Thai Massage Budapest<\/title>\n<meta name=\"description\" content=\"Thai massage in the downtown of Budapest, near Nyugati Station. Sophisticated luxury massage salon with experienced Thai masseurs.\" \/>\n<meta name=\"robots\" content=\"index, follow, max-snippet:-1, max-image-preview:large, max-video-preview:-1\" \/>\n<link rel=\"canonical\" href=\"https:\/\/aumthaimassage.hu\/en\/\" \/>\n<meta property=\"og:locale\" content=\"en_US\" \/>\n<meta property=\"og:type\" content=\"article\" \/>\n<meta property=\"og:title\" content=\"Aum Thai Massage Budapest - Aum Thai Massage Budapest\" \/>\n<meta property=\"og:description\" content=\"Thai massage in the downtown of Budapest, near Nyugati Station. Sophisticated luxury massage salon with experienced Thai masseurs.\" \/>\n<meta property=\"og:url\" content=\"https:\/\/aumthaimassage.hu\/en\/\" \/>\n<meta property=\"og:site_name\" content=\"Aum Thai Massage Budapest\" \/>\n<meta property=\"article:publisher\" content=\"https:\/\/www.facebook.com\/aumthaimasszazs\" \/>\n<meta property=\"article:modified_time\" content=\"2026-03-18T22:19:27+00:00\" \/>\n<meta property=\"og:image\" content=\"https:\/\/aumthaimassage.hu\/en\/wp-content\/uploads\/2022\/11\/Aum-Thai-Massage-facebook-coover-01.jpg\" \/>\n\t<meta property=\"og:image:width\" content=\"820\" \/>\n\t<meta property=\"og:image:height\" content=\"360\" \/>\n\t<meta property=\"og:image:type\" content=\"image\/jpeg\" \/>\n<meta name=\"twitter:card\" content=\"summary_large_image\" \/>\n<meta name=\"twitter:label1\" content=\"Est. reading time\" \/>\n\t<meta name=\"twitter:data1\" content=\"4 minutes\" \/>\n<script type=\"application\/ld+json\" class=\"yoast-schema-graph\">{\"@context\":\"https:\/\/schema.org\",\"@graph\":[{\"@type\":\"WebPage\",\"@id\":\"https:\/\/aumthaimassage.hu\/en\/\",\"url\":\"https:\/\/aumthaimassage.hu\/en\/\",\"name\":\"Aum Thai Massage Budapest - Aum Thai Massage Budapest\",\"isPartOf\":{\"@id\":\"https:\/\/aumthaimassage.hu\/en\/#website\"},\"datePublished\":\"2022-09-29T17:40:56+00:00\",\"dateModified\":\"2026-03-18T22:19:27+00:00\",\"description\":\"Thai massage in the downtown of Budapest, near Nyugati Station. Sophisticated luxury massage salon with experienced Thai masseurs.\",\"breadcrumb\":{\"@id\":\"https:\/\/aumthaimassage.hu\/en\/#breadcrumb\"},\"inLanguage\":\"en-US\",\"potentialAction\":[{\"@type\":\"ReadAction\",\"target\":[\"https:\/\/aumthaimassage.hu\/en\/\"]}]},{\"@type\":\"BreadcrumbList\",\"@id\":\"https:\/\/aumthaimassage.hu\/en\/#breadcrumb\",\"itemListElement\":[{\"@type\":\"ListItem\",\"position\":1,\"name\":\"Kezd\u0151lap\",\"item\":\"https:\/\/aumthaimassage.hu\/en\/\"},{\"@type\":\"ListItem\",\"position\":2,\"name\":\"Aum Thai Massage Budapest\"}]},{\"@type\":\"WebSite\",\"@id\":\"https:\/\/aumthaimassage.hu\/en\/#website\",\"url\":\"https:\/\/aumthaimassage.hu\/en\/\",\"name\":\"Aum Thai Massz\u00e1zs Budapest\",\"description\":\"Quality traditional and oil thai massage in the downtown of Budapest\",\"publisher\":{\"@id\":\"https:\/\/aumthaimassage.hu\/en\/#organization\"},\"potentialAction\":[{\"@type\":\"SearchAction\",\"target\":{\"@type\":\"EntryPoint\",\"urlTemplate\":\"https:\/\/aumthaimassage.hu\/en\/?s={search_term_string}\"},\"query-input\":{\"@type\":\"PropertyValueSpecification\",\"valueRequired\":true,\"valueName\":\"search_term_string\"}}],\"inLanguage\":\"en-US\"},{\"@type\":\"Organization\",\"@id\":\"https:\/\/aumthaimassage.hu\/en\/#organization\",\"name\":\"Aum Thai Massz\u00e1zs Budapest\",\"url\":\"https:\/\/aumthaimassage.hu\/en\/\",\"logo\":{\"@type\":\"ImageObject\",\"inLanguage\":\"en-US\",\"@id\":\"https:\/\/aumthaimassage.hu\/en\/#\/schema\/logo\/image\/\",\"url\":\"https:\/\/aumthaimassage.hu\/en\/wp-content\/uploads\/2022\/11\/Aum-Thai-Massage-Logo-webre-03-500x63-1.png\",\"contentUrl\":\"https:\/\/aumthaimassage.hu\/en\/wp-content\/uploads\/2022\/11\/Aum-Thai-Massage-Logo-webre-03-500x63-1.png\",\"width\":500,\"height\":63,\"caption\":\"Aum Thai Massz\u00e1zs Budapest\"},\"image\":{\"@id\":\"https:\/\/aumthaimassage.hu\/en\/#\/schema\/logo\/image\/\"},\"sameAs\":[\"https:\/\/www.facebook.com\/aumthaimasszazs\"]}]}<\/script>\n<!-- \/ Yoast SEO plugin. -->","yoast_head_json":{"title":"Aum Thai Massage Budapest - Aum Thai Massage Budapest","description":"Thai massage in the downtown of Budapest, near Nyugati Station. Sophisticated luxury massage salon with experienced Thai masseurs.","robots":{"index":"index","follow":"follow","max-snippet":"max-snippet:-1","max-image-preview":"max-image-preview:large","max-video-preview":"max-video-preview:-1"},"canonical":"https:\/\/aumthaimassage.hu\/en\/","og_locale":"en_US","og_type":"article","og_title":"Aum Thai Massage Budapest - Aum Thai Massage Budapest","og_description":"Thai massage in the downtown of Budapest, near Nyugati Station. Sophisticated luxury massage salon with experienced Thai masseurs.","og_url":"https:\/\/aumthaimassage.hu\/en\/","og_site_name":"Aum Thai Massage Budapest","article_publisher":"https:\/\/www.facebook.com\/aumthaimasszazs","article_modified_time":"2026-03-18T22:19:27+00:00","og_image":[{"width":820,"height":360,"url":"https:\/\/aumthaimassage.hu\/en\/wp-content\/uploads\/2022\/11\/Aum-Thai-Massage-facebook-coover-01.jpg","type":"image\/jpeg"}],"twitter_card":"summary_large_image","twitter_misc":{"Est. reading time":"4 minutes"},"schema":{"@context":"https:\/\/schema.org","@graph":[{"@type":"WebPage","@id":"https:\/\/aumthaimassage.hu\/en\/","url":"https:\/\/aumthaimassage.hu\/en\/","name":"Aum Thai Massage Budapest - Aum Thai Massage Budapest","isPartOf":{"@id":"https:\/\/aumthaimassage.hu\/en\/#website"},"datePublished":"2022-09-29T17:40:56+00:00","dateModified":"2026-03-18T22:19:27+00:00","description":"Thai massage in the downtown of Budapest, near Nyugati Station. Sophisticated luxury massage salon with experienced Thai masseurs.","breadcrumb":{"@id":"https:\/\/aumthaimassage.hu\/en\/#breadcrumb"},"inLanguage":"en-US","potentialAction":[{"@type":"ReadAction","target":["https:\/\/aumthaimassage.hu\/en\/"]}]},{"@type":"BreadcrumbList","@id":"https:\/\/aumthaimassage.hu\/en\/#breadcrumb","itemListElement":[{"@type":"ListItem","position":1,"name":"Kezd\u0151lap","item":"https:\/\/aumthaimassage.hu\/en\/"},{"@type":"ListItem","position":2,"name":"Aum Thai Massage Budapest"}]},{"@type":"WebSite","@id":"https:\/\/aumthaimassage.hu\/en\/#website","url":"https:\/\/aumthaimassage.hu\/en\/","name":"Aum Thai Massz\u00e1zs Budapest","description":"Quality traditional and oil thai massage in the downtown of Budapest","publisher":{"@id":"https:\/\/aumthaimassage.hu\/en\/#organization"},"potentialAction":[{"@type":"SearchAction","target":{"@type":"EntryPoint","urlTemplate":"https:\/\/aumthaimassage.hu\/en\/?s={search_term_string}"},"query-input":{"@type":"PropertyValueSpecification","valueRequired":true,"valueName":"search_term_string"}}],"inLanguage":"en-US"},{"@type":"Organization","@id":"https:\/\/aumthaimassage.hu\/en\/#organization","name":"Aum Thai Massz\u00e1zs Budapest","url":"https:\/\/aumthaimassage.hu\/en\/","logo":{"@type":"ImageObject","inLanguage":"en-US","@id":"https:\/\/aumthaimassage.hu\/en\/#\/schema\/logo\/image\/","url":"https:\/\/aumthaimassage.hu\/en\/wp-content\/uploads\/2022\/11\/Aum-Thai-Massage-Logo-webre-03-500x63-1.png","contentUrl":"https:\/\/aumthaimassage.hu\/en\/wp-content\/uploads\/2022\/11\/Aum-Thai-Massage-Logo-webre-03-500x63-1.png","width":500,"height":63,"caption":"Aum Thai Massz\u00e1zs Budapest"},"image":{"@id":"https:\/\/aumthaimassage.hu\/en\/#\/schema\/logo\/image\/"},"sameAs":["https:\/\/www.facebook.com\/aumthaimasszazs"]}]}},"_links":{"self":[{"href":"https:\/\/aumthaimassage.hu\/en\/wp-json\/wp\/v2\/pages\/234","targetHints":{"allow":["GET"]}}],"collection":[{"href":"https:\/\/aumthaimassage.hu\/en\/wp-json\/wp\/v2\/pages"}],"about":[{"href":"https:\/\/aumthaimassage.hu\/en\/wp-json\/wp\/v2\/types\/page"}],"author":[{"embeddable":true,"href":"https:\/\/aumthaimassage.hu\/en\/wp-json\/wp\/v2\/users\/3"}],"replies":[{"embeddable":true,"href":"https:\/\/aumthaimassage.hu\/en\/wp-json\/wp\/v2\/comments?post=234"}],"version-history":[{"count":270,"href":"https:\/\/aumthaimassage.hu\/en\/wp-json\/wp\/v2\/pages\/234\/revisions"}],"predecessor-version":[{"id":695,"href":"https:\/\/aumthaimassage.hu\/en\/wp-json\/wp\/v2\/pages\/234\/revisions\/695"}],"wp:attachment":[{"href":"https:\/\/aumthaimassage.hu\/en\/wp-json\/wp\/v2\/media?parent=234"}],"curies":[{"name":"wp","href":"https:\/\/api.w.org\/{rel}","templated":true}]}}