{"id":365,"date":"2022-12-03T18:43:23","date_gmt":"2022-12-03T17:43:23","guid":{"rendered":"https:\/\/aumthaimassage.hu\/en\/?page_id=365"},"modified":"2024-07-15T10:02:52","modified_gmt":"2024-07-15T09:02:52","slug":"kapcsolat","status":"publish","type":"page","link":"https:\/\/aumthaimassage.hu\/en\/kapcsolat\/","title":{"rendered":"KAPCSOLAT"},"content":{"rendered":"<div class=\"container text-center\">\n<div class=\"row\">\n<div class=\"col text-center text-uppercase mb-5 mt-5\">\n<h1 class=\"entry-title text-center font-weight-bold\">Contact<\/h1>\n<\/div>\n<\/div>\n<div class=\"row\">\n<div class=\"col text-center mb-5\">\n<h2 class=\"text-center font-weight-bold\">Prior registration is required!<\/h2>\n<\/div>\n<\/div>\n<div class=\"row\">\n<div class=\"col text-center mb-5\">\n<p class=\"h3 text-center\">The Aum Thai Massage studio is located in downtown Budapest, just 5 minutes from the Nyugati railway station, on the VI. district, R\u00f3zsa street 99-101. <\/p>\n<\/div>\n<\/div>\n<div class=\"row text-center\">\n<div class=\"col-12 col-lg-3 mb-5\">\n<p><img loading=\"lazy\" decoding=\"async\" class=\"lazyload\" alt=\"Nyitvatart\u00e1s ikon, a massz\u00e1zs szalon nyitvatart\u00e1s\u00e1t jelzi\" width=\"75\" height=\"75\" src=\"\/wp-content\/themes\/aumthaimassage\/assets\/aum_thai_massage_nyitvatartas_ikon.svg\" \/><\/p>\n<h3 class=\"mb-4 mt-4\">Opening Time<\/h3>\n<div class=\"row\">\n<div class=\"col-12\">\n<p class=\"mb-0 font-weight-bold h3\">Monday &#8211; Friday<\/p>\n<p class=\"mb-0 font-weight-bold h3\">10 &#8211; 22<\/p>\n<p><\/p>\n<p class=\"mb-0 font-weight-bold h3\">Saturday &#8211; Sunday<\/p>\n<p class=\"mb-0 font-weight-bold h3\">9 &#8211; 21<\/p>\n<\/div>\n<\/div>\n<\/div>\n<div class=\"col-12 col-lg-3 mb-5 px-2\">\n<p><img loading=\"lazy\" decoding=\"async\" class=\"lazyload\" alt=\"H\u00e1zik\u00f3 ikon, ami a massz\u00e1zs szalon c\u00edm\u00e9t jelk\u00e9pezi\" width=\"75\" height=\"75\" src=\"\/wp-content\/themes\/aumthaimassage\/assets\/footer-cim-ikon.svg\" \/><\/p>\n<h3 class=\"mb-4 mt-4\">C\u00edm<\/h3>\n<div class=\"row\">\n<div class=\"col-12\">\n<p class=\"mb-0 font-weight-bold h3\"><a id=\"kapcsolat-cim-hu\" class=\"text-reset\" title=\"Az Aum Thai Massage c\u00edme\" href=\"https:\/\/goo.gl\/maps\/dMn6eRCPofAwvfdv6\" target=\"_blank\" rel=\"noopener noreferrer\">Budapest 6th district<br \/>\nR\u00f3zsa street 99-101.<\/a><\/p>\n<\/div>\n<\/div>\n<\/div>\n<div class=\"col-12 col-lg-3 mb-5 px-2\">\n<img loading=\"lazy\" decoding=\"async\" class=\"lazyload\" alt=\"Telefon ikon - az Aum Thai Massz\u00e1zs telefonsz\u00e1ma\" width=\"75\" height=\"75\" src=\"\/wp-content\/themes\/aumthaimassage\/assets\/footer-telefon-ikon.svg\" \/><\/p>\n<h3 class=\"mb-4 mt-4\">Phone<\/h3>\n<div class=\"row\">\n<div class=\"col-12 \">\n<p class=\"mb-0 font-weight-bold h3\"><a id=\"kapcsolat-tel-hu\" class=\"text-reset\" title=\"Az Aum Thai Massz\u00e1zs telefonsz\u00e1ma\" href=\"tel:+36301471344\" target=\"_blank\" rel=\"noopener noreferrer\">+36 30 147 1344<\/a><\/p>\n<\/div>\n<\/div>\n<\/div>\n<div class=\"col-12 col-lg-3 mb-5 px-2\">\n<p><img loading=\"lazy\" decoding=\"async\" class=\"lazyload\" alt=\"E-mail ikon - az Aum Thai Massz\u00e1zs e-mailes el\u00e9rhet\u0151s\u00e9ge\" width=\"75\" height=\"75\" src=\"\/wp-content\/themes\/aumthaimassage\/assets\/footer-email-ikon.svg\" \/><\/p>\n<h3 class=\"mb-4 mt-4\">E-mail<\/h3>\n<div class=\"row\">\n<div class=\"col-12\">\n<p class=\"mb-0 font-weight-bold h3\"><a id=\"kapcsolat-mail-hu\" class=\"text-reset\" title=\"Az Aum Thai Massz\u00e1zs e-mail c\u00edme\" href=\"mailto:info@aumthaimassage.hu\" target=\"_blank\" rel=\"noopener noreferrer\">info@aumthaimassage.hu<\/a><\/p>\n<\/div>\n<\/div>\n<\/div>\n<\/div>\n<div class=\"row\">\n<div class=\"col text-center mb-5 mt-5\">\n<h2 class=\"text-uppercase\">Approach<\/h2>\n<\/div>\n<\/div>\n<div class=\"row \">\n<div class=\"col-12 col-lg-3 mb-5 px-4 text-center\">\n<h3 class=\"mb-4 mt-4\">By car<\/h3>\n<p><img loading=\"lazy\" decoding=\"async\" class=\"lazyload\" alt=\"aut\u00f3 ikon - megk\u00f6zel\u00edt\u00e9s szem\u00e9lyg\u00e9pj\u00e1rm\u0171vel\" width=\"75\" height=\"75\" src=\"\/wp-content\/themes\/aumthaimassage\/assets\/aum_thai_massage_elerhetosege_autoval.svg\" \/><\/p>\n<div class=\"row mt-4\">\n<div class=\"col-12\">\n<p>From the Nyugati p\u00e1lyudvar, on Podmaniczky utca, drive out towards D\u00f3zsa Gy\u00f6rgy \u00fat, turn right at the 6th cross utca, R\u00f3zsa utca, immediately after Izabella utca. There is almost always a parking space on the street.<\/p>\n<p><strong>Mobile parking number:<\/strong> +36 (20\/30\/70) 763-3063<\/p>\n<\/div>\n<\/div>\n<\/div>\n<div class=\"col-12 col-lg-3 mb-5 px-4 text-center\">\n<h3 class=\"mb-4 mt-4\">by bus<\/h3>\n<p><img loading=\"lazy\" decoding=\"async\" class=\"lazyload\" alt=\"busz ikon - megk\u00f6zel\u00edt\u00e9s t\u00f6megk\u00f6zleked\u00e9ssel\" width=\"75\" height=\"75\" src=\"\/wp-content\/themes\/aumthaimassage\/assets\/aum_thai_massage_elerhetosege_tomegkozlekedessel.svg\" \/><\/p>\n<div class=\"row mt-4\">\n<div class=\"col-12\">\n<p>It is worth walking from the Nyugati p\u00e1lyudvar with <strong>M3 metro<\/strong>, <strong>4-6 tram<\/strong>, <strong>9 bus<\/strong>, approx. 600m on <strong>Podmaniczky<\/strong> street out of town. On the right, the 6th street is R\u00f3zsa utca, around the corner on the left approx. After 100 meters, we find house number 101.<br \/>\nYou have to get off at the <strong>Ferdin\u00e1nd H\u00edd, (Izabella utca)<\/strong> stop from all directions with trolleys 72, 76 and 73 and walk into R\u00f3zsa utca, then from the corner approx. After 100 m, on the left, you will find the number 101.<br \/>\nWith <strong>bus 105 and metro M1<\/strong>, get off at <strong>V\u00f6r\u00f6smarty<\/strong> utca, and from there walk along R\u00f3zsa utca for approx. After 600 m, after Szondi utca, number 101 will be on the right.<\/p>\n<\/div>\n<\/div>\n<\/div>\n<div class=\"col-12 col-lg-3 mb-5 px-4 text-center\">\n<h3 class=\"mb-4 mt-4\">by foot<\/h3>\n<p><img loading=\"lazy\" decoding=\"async\" class=\"lazyload\" alt=\"s\u00e9t\u00e1l\u00f3 emberke ikon - megk\u00f6zel\u00edt\u00e9s gyalogosan\" width=\"75\" height=\"75\" src=\"\/wp-content\/themes\/aumthaimassage\/assets\/aum_thai_massage_elerhetosege_gyalog.svg\" \/><\/p>\n<div class=\"row mt-4\">\n<div class=\"col-12\">\n<p><strong>From the Nyugati railway yard approx. 600 m<\/strong> <strong>a<\/strong> <strong>Podmaniczky<\/strong> street out of town. 6. utca is R\u00f3zsa utca on the right, turn the corner to the left for approx. After 100 meters, we find house number 101.<\/p>\n<p>From <strong>Andr\u00e1ssy<\/strong> \u00fat, it is worth walking into <strong>R\u00f3zsa utca<\/strong>, house number 101 will be on the right hand side about 500 m from the corner.<\/p>\n<\/div>\n<\/div>\n<\/div>\n<div class=\"col-12 col-lg-3 mb-5 px-4 text-center\">\n<h3 class=\"mb-4 mt-4\">by Taxi<\/h3>\n<p><img loading=\"lazy\" decoding=\"async\" class=\"lazyload\" alt=\"taxi ikon - megk\u00f6zel\u00edt\u00e9s taxival\" width=\"75\" height=\"75\" src=\"\/wp-content\/themes\/aumthaimassage\/assets\/aum_thai_massage_elerhetosege_taxival.svg\" \/><\/p>\n<div class=\"row mt-4\">\n<div class=\"col-12\">\n<p>We are easily and comfortably accessible from downtown Budapest, just a few minutes by taxi. You will find us at a maximum distance of 1-2 km from the most famous hotels in the city center.<\/p>\n<\/div>\n<\/div>\n<\/div>\n<\/div>\n<div class=\"row align-items-lg-center\">\n<div class=\"row mb-5\">\n<div class=\"col-12\">\n<iframe src=\"https:\/\/www.google.com\/maps\/embed?pb=!1m14!1m8!1m3!1d10779.678230042418!2d19.0645761!3d47.5109578!3m2!1i1024!2i768!4f13.1!3m3!1m2!1s0x0%3A0xfc42b170abf538d3!2sAum%20Thai%20Massage!5e0!3m2!1shu!2shu!4v1670094087640!5m2!1shu!2shu\" width=\"100%\" height=\"400\"  style=\"border:0;\" allowfullscreen=\"\" loading=\"lazy\" referrerpolicy=\"no-referrer-when-downgrade\"><\/iframe>\n<\/div>\n<\/div>\n<\/div>\n<p><!-- KAPCSOLAT HU END --><\/p>\n","protected":false},"excerpt":{"rendered":"<p>Contact Prior registration is required! The Aum Thai Massage studio is located in downtown Budapest, just 5 minutes from the Nyugati railway station, on the VI. district, R\u00f3zsa street 99-101. Opening Time Monday &#8211; Friday 10 &#8211; 22 Saturday &#8211; Sunday 9 &#8211; 21 C\u00edm Budapest 6th district R\u00f3zsa street 99-101. Phone +36 30 147 [&hellip;]<\/p>\n","protected":false},"author":3,"featured_media":0,"parent":0,"menu_order":0,"comment_status":"closed","ping_status":"closed","template":"","meta":{"footnotes":""},"class_list":["post-365","page","type-page","status-publish","hentry"],"yoast_head":"<!-- This site is optimized with the Yoast SEO plugin v24.9 - https:\/\/yoast.com\/wordpress\/plugins\/seo\/ -->\n<title>KAPCSOLAT - Aum Thai Massage Budapest<\/title>\n<meta name=\"robots\" content=\"index, follow, max-snippet:-1, max-image-preview:large, max-video-preview:-1\" \/>\n<link rel=\"canonical\" href=\"https:\/\/aumthaimassage.hu\/en\/kapcsolat\/\" \/>\n<meta property=\"og:locale\" content=\"en_US\" \/>\n<meta property=\"og:type\" content=\"article\" \/>\n<meta property=\"og:title\" content=\"KAPCSOLAT - Aum Thai Massage Budapest\" \/>\n<meta property=\"og:description\" content=\"Contact Prior registration is required! The Aum Thai Massage studio is located in downtown Budapest, just 5 minutes from the Nyugati railway station, on the VI. district, R\u00f3zsa street 99-101. Opening Time Monday &#8211; Friday 10 &#8211; 22 Saturday &#8211; Sunday 9 &#8211; 21 C\u00edm Budapest 6th district R\u00f3zsa street 99-101. Phone +36 30 147 [&hellip;]\" \/>\n<meta property=\"og:url\" content=\"https:\/\/aumthaimassage.hu\/en\/kapcsolat\/\" \/>\n<meta property=\"og:site_name\" content=\"Aum Thai Massage Budapest\" \/>\n<meta property=\"article:publisher\" content=\"https:\/\/www.facebook.com\/aumthaimasszazs\" \/>\n<meta property=\"article:modified_time\" content=\"2024-07-15T09:02:52+00:00\" \/>\n<meta property=\"og:image\" content=\"https:\/\/aumthaimassage.hu\/en\/wp-content\/uploads\/2022\/11\/Aum-Thai-Massage-facebook-coover-01.jpg\" \/>\n\t<meta property=\"og:image:width\" content=\"820\" \/>\n\t<meta property=\"og:image:height\" content=\"360\" \/>\n\t<meta property=\"og:image:type\" content=\"image\/jpeg\" \/>\n<meta name=\"twitter:card\" content=\"summary_large_image\" \/>\n<meta name=\"twitter:label1\" content=\"Est. reading time\" \/>\n\t<meta name=\"twitter:data1\" content=\"4 minutes\" \/>\n<script type=\"application\/ld+json\" class=\"yoast-schema-graph\">{\"@context\":\"https:\/\/schema.org\",\"@graph\":[{\"@type\":\"WebPage\",\"@id\":\"https:\/\/aumthaimassage.hu\/en\/kapcsolat\/\",\"url\":\"https:\/\/aumthaimassage.hu\/en\/kapcsolat\/\",\"name\":\"KAPCSOLAT - Aum Thai Massage Budapest\",\"isPartOf\":{\"@id\":\"https:\/\/aumthaimassage.hu\/en\/#website\"},\"datePublished\":\"2022-12-03T17:43:23+00:00\",\"dateModified\":\"2024-07-15T09:02:52+00:00\",\"breadcrumb\":{\"@id\":\"https:\/\/aumthaimassage.hu\/en\/kapcsolat\/#breadcrumb\"},\"inLanguage\":\"en-US\",\"potentialAction\":[{\"@type\":\"ReadAction\",\"target\":[\"https:\/\/aumthaimassage.hu\/en\/kapcsolat\/\"]}]},{\"@type\":\"BreadcrumbList\",\"@id\":\"https:\/\/aumthaimassage.hu\/en\/kapcsolat\/#breadcrumb\",\"itemListElement\":[{\"@type\":\"ListItem\",\"position\":1,\"name\":\"Kezd\u0151lap\",\"item\":\"https:\/\/aumthaimassage.hu\/en\/\"},{\"@type\":\"ListItem\",\"position\":2,\"name\":\"KAPCSOLAT\"}]},{\"@type\":\"WebSite\",\"@id\":\"https:\/\/aumthaimassage.hu\/en\/#website\",\"url\":\"https:\/\/aumthaimassage.hu\/en\/\",\"name\":\"Aum Thai Massz\u00e1zs Budapest\",\"description\":\"Quality traditional and oil thai massage in the downtown of Budapest\",\"publisher\":{\"@id\":\"https:\/\/aumthaimassage.hu\/en\/#organization\"},\"potentialAction\":[{\"@type\":\"SearchAction\",\"target\":{\"@type\":\"EntryPoint\",\"urlTemplate\":\"https:\/\/aumthaimassage.hu\/en\/?s={search_term_string}\"},\"query-input\":{\"@type\":\"PropertyValueSpecification\",\"valueRequired\":true,\"valueName\":\"search_term_string\"}}],\"inLanguage\":\"en-US\"},{\"@type\":\"Organization\",\"@id\":\"https:\/\/aumthaimassage.hu\/en\/#organization\",\"name\":\"Aum Thai Massz\u00e1zs Budapest\",\"url\":\"https:\/\/aumthaimassage.hu\/en\/\",\"logo\":{\"@type\":\"ImageObject\",\"inLanguage\":\"en-US\",\"@id\":\"https:\/\/aumthaimassage.hu\/en\/#\/schema\/logo\/image\/\",\"url\":\"https:\/\/aumthaimassage.hu\/en\/wp-content\/uploads\/2022\/11\/Aum-Thai-Massage-Logo-webre-03-500x63-1.png\",\"contentUrl\":\"https:\/\/aumthaimassage.hu\/en\/wp-content\/uploads\/2022\/11\/Aum-Thai-Massage-Logo-webre-03-500x63-1.png\",\"width\":500,\"height\":63,\"caption\":\"Aum Thai Massz\u00e1zs Budapest\"},\"image\":{\"@id\":\"https:\/\/aumthaimassage.hu\/en\/#\/schema\/logo\/image\/\"},\"sameAs\":[\"https:\/\/www.facebook.com\/aumthaimasszazs\"]}]}<\/script>\n<!-- \/ Yoast SEO plugin. -->","yoast_head_json":{"title":"KAPCSOLAT - Aum Thai Massage Budapest","robots":{"index":"index","follow":"follow","max-snippet":"max-snippet:-1","max-image-preview":"max-image-preview:large","max-video-preview":"max-video-preview:-1"},"canonical":"https:\/\/aumthaimassage.hu\/en\/kapcsolat\/","og_locale":"en_US","og_type":"article","og_title":"KAPCSOLAT - Aum Thai Massage Budapest","og_description":"Contact Prior registration is required! The Aum Thai Massage studio is located in downtown Budapest, just 5 minutes from the Nyugati railway station, on the VI. district, R\u00f3zsa street 99-101. Opening Time Monday &#8211; Friday 10 &#8211; 22 Saturday &#8211; Sunday 9 &#8211; 21 C\u00edm Budapest 6th district R\u00f3zsa street 99-101. Phone +36 30 147 [&hellip;]","og_url":"https:\/\/aumthaimassage.hu\/en\/kapcsolat\/","og_site_name":"Aum Thai Massage Budapest","article_publisher":"https:\/\/www.facebook.com\/aumthaimasszazs","article_modified_time":"2024-07-15T09:02:52+00:00","og_image":[{"width":820,"height":360,"url":"https:\/\/aumthaimassage.hu\/en\/wp-content\/uploads\/2022\/11\/Aum-Thai-Massage-facebook-coover-01.jpg","type":"image\/jpeg"}],"twitter_card":"summary_large_image","twitter_misc":{"Est. reading time":"4 minutes"},"schema":{"@context":"https:\/\/schema.org","@graph":[{"@type":"WebPage","@id":"https:\/\/aumthaimassage.hu\/en\/kapcsolat\/","url":"https:\/\/aumthaimassage.hu\/en\/kapcsolat\/","name":"KAPCSOLAT - Aum Thai Massage Budapest","isPartOf":{"@id":"https:\/\/aumthaimassage.hu\/en\/#website"},"datePublished":"2022-12-03T17:43:23+00:00","dateModified":"2024-07-15T09:02:52+00:00","breadcrumb":{"@id":"https:\/\/aumthaimassage.hu\/en\/kapcsolat\/#breadcrumb"},"inLanguage":"en-US","potentialAction":[{"@type":"ReadAction","target":["https:\/\/aumthaimassage.hu\/en\/kapcsolat\/"]}]},{"@type":"BreadcrumbList","@id":"https:\/\/aumthaimassage.hu\/en\/kapcsolat\/#breadcrumb","itemListElement":[{"@type":"ListItem","position":1,"name":"Kezd\u0151lap","item":"https:\/\/aumthaimassage.hu\/en\/"},{"@type":"ListItem","position":2,"name":"KAPCSOLAT"}]},{"@type":"WebSite","@id":"https:\/\/aumthaimassage.hu\/en\/#website","url":"https:\/\/aumthaimassage.hu\/en\/","name":"Aum Thai Massz\u00e1zs Budapest","description":"Quality traditional and oil thai massage in the downtown of Budapest","publisher":{"@id":"https:\/\/aumthaimassage.hu\/en\/#organization"},"potentialAction":[{"@type":"SearchAction","target":{"@type":"EntryPoint","urlTemplate":"https:\/\/aumthaimassage.hu\/en\/?s={search_term_string}"},"query-input":{"@type":"PropertyValueSpecification","valueRequired":true,"valueName":"search_term_string"}}],"inLanguage":"en-US"},{"@type":"Organization","@id":"https:\/\/aumthaimassage.hu\/en\/#organization","name":"Aum Thai Massz\u00e1zs Budapest","url":"https:\/\/aumthaimassage.hu\/en\/","logo":{"@type":"ImageObject","inLanguage":"en-US","@id":"https:\/\/aumthaimassage.hu\/en\/#\/schema\/logo\/image\/","url":"https:\/\/aumthaimassage.hu\/en\/wp-content\/uploads\/2022\/11\/Aum-Thai-Massage-Logo-webre-03-500x63-1.png","contentUrl":"https:\/\/aumthaimassage.hu\/en\/wp-content\/uploads\/2022\/11\/Aum-Thai-Massage-Logo-webre-03-500x63-1.png","width":500,"height":63,"caption":"Aum Thai Massz\u00e1zs Budapest"},"image":{"@id":"https:\/\/aumthaimassage.hu\/en\/#\/schema\/logo\/image\/"},"sameAs":["https:\/\/www.facebook.com\/aumthaimasszazs"]}]}},"_links":{"self":[{"href":"https:\/\/aumthaimassage.hu\/en\/wp-json\/wp\/v2\/pages\/365","targetHints":{"allow":["GET"]}}],"collection":[{"href":"https:\/\/aumthaimassage.hu\/en\/wp-json\/wp\/v2\/pages"}],"about":[{"href":"https:\/\/aumthaimassage.hu\/en\/wp-json\/wp\/v2\/types\/page"}],"author":[{"embeddable":true,"href":"https:\/\/aumthaimassage.hu\/en\/wp-json\/wp\/v2\/users\/3"}],"replies":[{"embeddable":true,"href":"https:\/\/aumthaimassage.hu\/en\/wp-json\/wp\/v2\/comments?post=365"}],"version-history":[{"count":50,"href":"https:\/\/aumthaimassage.hu\/en\/wp-json\/wp\/v2\/pages\/365\/revisions"}],"predecessor-version":[{"id":675,"href":"https:\/\/aumthaimassage.hu\/en\/wp-json\/wp\/v2\/pages\/365\/revisions\/675"}],"wp:attachment":[{"href":"https:\/\/aumthaimassage.hu\/en\/wp-json\/wp\/v2\/media?parent=365"}],"curies":[{"name":"wp","href":"https:\/\/api.w.org\/{rel}","templated":true}]}}